{"id":48,"date":"2026-01-06T11:17:21","date_gmt":"2026-01-06T14:17:21","guid":{"rendered":"http:\/\/browniesdosa.com.br\/?page_id=48"},"modified":"2026-02-05T23:16:09","modified_gmt":"2026-02-06T02:16:09","slug":"brownies","status":"publish","type":"page","link":"https:\/\/browniesdosa.com.br\/?page_id=48","title":{"rendered":"Brownies"},"content":{"rendered":"\n<p><\/p>\n\n\n\n<div class=\"wp-block-uagb-container uagb-block-cf117f7e alignfull uagb-is-root-container\"><div class=\"uagb-container-inner-blocks-wrap\">\n<div class=\"wp-block-uagb-container uagb-block-9892ab24\">\n<figure class=\"wp-block-image size-full is-resized\"><img loading=\"lazy\" decoding=\"async\" width=\"1024\" height=\"1024\" src=\"https:\/\/browniesdosa.com.br\/wp-content\/uploads\/2026\/01\/ChatGPT-Image-6-de-jan.-de-2026-10_27_03.png\" alt=\"\" class=\"wp-image-20\" style=\"width:169px;height:auto\" srcset=\"https:\/\/browniesdosa.com.br\/wp-content\/uploads\/2026\/01\/ChatGPT-Image-6-de-jan.-de-2026-10_27_03.png 1024w, https:\/\/browniesdosa.com.br\/wp-content\/uploads\/2026\/01\/ChatGPT-Image-6-de-jan.-de-2026-10_27_03-300x300.png 300w, https:\/\/browniesdosa.com.br\/wp-content\/uploads\/2026\/01\/ChatGPT-Image-6-de-jan.-de-2026-10_27_03-150x150.png 150w, https:\/\/browniesdosa.com.br\/wp-content\/uploads\/2026\/01\/ChatGPT-Image-6-de-jan.-de-2026-10_27_03-768x768.png 768w\" sizes=\"auto, (max-width: 1024px) 100vw, 1024px\" \/><\/figure>\n\n\n\n<div class=\"wp-block-uagb-advanced-heading uagb-block-e7f9008a\"><h2 class=\"uagb-heading-text\">Doce de Leite<\/h2><\/div>\n\n\n\n<p>Valor R$7,00<\/p>\n\n\n\n<div class=\"wp-block-uagb-buttons uagb-buttons__outer-wrap uagb-btn__default-btn uagb-btn-tablet__default-btn uagb-btn-mobile__default-btn uagb-block-32fb99cb\"><div class=\"uagb-buttons__wrap uagb-buttons-layout-wrap \">\n<div class=\"wp-block-uagb-buttons-child uagb-buttons__outer-wrap uagb-block-91903c5f wp-block-button\"><div class=\"uagb-button__wrapper\"><a class=\"uagb-buttons-repeater wp-block-button__link\" aria-label=\"\" href=\"https:\/\/wa.me\/5591980264596\" rel=\"follow noopener\" target=\"_self\" role=\"button\"><div class=\"uagb-button__link\">Compre J\u00e1<\/div><span class=\"uagb-button__icon uagb-button__icon-position-after\"><svg xmlns=\"https:\/\/www.w3.org\/2000\/svg\" viewBox=\"0 0 448 512\" aria-hidden=\"true\" focussable=\"false\"><path d=\"M438.6 278.6l-160 160C272.4 444.9 264.2 448 256 448s-16.38-3.125-22.62-9.375c-12.5-12.5-12.5-32.75 0-45.25L338.8 288H32C14.33 288 .0016 273.7 .0016 256S14.33 224 32 224h306.8l-105.4-105.4c-12.5-12.5-12.5-32.75 0-45.25s32.75-12.5 45.25 0l160 160C451.1 245.9 451.1 266.1 438.6 278.6z\"><\/path><\/svg><\/span><\/a><\/div><\/div>\n<\/div><\/div>\n<\/div>\n\n\n\n<div class=\"wp-block-uagb-container uagb-block-e8d04b97\">\n<figure class=\"wp-block-image size-full is-resized\"><img loading=\"lazy\" decoding=\"async\" width=\"1024\" height=\"1024\" src=\"https:\/\/browniesdosa.com.br\/wp-content\/uploads\/2026\/01\/ChatGPT-Image-6-de-jan.-de-2026-10_27_03.png\" alt=\"\" class=\"wp-image-20\" style=\"width:169px;height:auto\" srcset=\"https:\/\/browniesdosa.com.br\/wp-content\/uploads\/2026\/01\/ChatGPT-Image-6-de-jan.-de-2026-10_27_03.png 1024w, https:\/\/browniesdosa.com.br\/wp-content\/uploads\/2026\/01\/ChatGPT-Image-6-de-jan.-de-2026-10_27_03-300x300.png 300w, https:\/\/browniesdosa.com.br\/wp-content\/uploads\/2026\/01\/ChatGPT-Image-6-de-jan.-de-2026-10_27_03-150x150.png 150w, https:\/\/browniesdosa.com.br\/wp-content\/uploads\/2026\/01\/ChatGPT-Image-6-de-jan.-de-2026-10_27_03-768x768.png 768w\" sizes=\"auto, (max-width: 1024px) 100vw, 1024px\" \/><\/figure>\n\n\n\n<div class=\"wp-block-uagb-advanced-heading uagb-block-28a84b92\"><h2 class=\"uagb-heading-text\">Brigadeiro<\/h2><\/div>\n\n\n\n<p>Valor R$7,00<\/p>\n\n\n\n<div class=\"wp-block-uagb-buttons uagb-buttons__outer-wrap uagb-btn__default-btn uagb-btn-tablet__default-btn uagb-btn-mobile__default-btn uagb-block-7caad7f7\"><div class=\"uagb-buttons__wrap uagb-buttons-layout-wrap \">\n<div class=\"wp-block-uagb-buttons-child uagb-buttons__outer-wrap uagb-block-b5c59a67 wp-block-button\"><div class=\"uagb-button__wrapper\"><a class=\"uagb-buttons-repeater wp-block-button__link\" aria-label=\"\" href=\"https:\/\/wa.me\/5591980264596\" rel=\"follow noopener\" target=\"_self\" role=\"button\"><div class=\"uagb-button__link\">Compre J\u00e1<\/div><span class=\"uagb-button__icon uagb-button__icon-position-after\"><svg xmlns=\"https:\/\/www.w3.org\/2000\/svg\" viewBox=\"0 0 448 512\" aria-hidden=\"true\" focussable=\"false\"><path d=\"M438.6 278.6l-160 160C272.4 444.9 264.2 448 256 448s-16.38-3.125-22.62-9.375c-12.5-12.5-12.5-32.75 0-45.25L338.8 288H32C14.33 288 .0016 273.7 .0016 256S14.33 224 32 224h306.8l-105.4-105.4c-12.5-12.5-12.5-32.75 0-45.25s32.75-12.5 45.25 0l160 160C451.1 245.9 451.1 266.1 438.6 278.6z\"><\/path><\/svg><\/span><\/a><\/div><\/div>\n<\/div><\/div>\n<\/div>\n\n\n\n<div class=\"wp-block-uagb-container uagb-block-b4f8353d\">\n<figure class=\"wp-block-image size-full is-resized\"><img loading=\"lazy\" decoding=\"async\" width=\"1024\" height=\"1024\" src=\"https:\/\/browniesdosa.com.br\/wp-content\/uploads\/2026\/01\/ChatGPT-Image-6-de-jan.-de-2026-10_27_03.png\" alt=\"\" class=\"wp-image-20\" style=\"width:169px;height:auto\" srcset=\"https:\/\/browniesdosa.com.br\/wp-content\/uploads\/2026\/01\/ChatGPT-Image-6-de-jan.-de-2026-10_27_03.png 1024w, https:\/\/browniesdosa.com.br\/wp-content\/uploads\/2026\/01\/ChatGPT-Image-6-de-jan.-de-2026-10_27_03-300x300.png 300w, https:\/\/browniesdosa.com.br\/wp-content\/uploads\/2026\/01\/ChatGPT-Image-6-de-jan.-de-2026-10_27_03-150x150.png 150w, https:\/\/browniesdosa.com.br\/wp-content\/uploads\/2026\/01\/ChatGPT-Image-6-de-jan.-de-2026-10_27_03-768x768.png 768w\" sizes=\"auto, (max-width: 1024px) 100vw, 1024px\" \/><\/figure>\n\n\n\n<div class=\"wp-block-uagb-advanced-heading uagb-block-c4640e83\"><h2 class=\"uagb-heading-text\">Ovomaltine<\/h2><\/div>\n\n\n\n<p>Valor R$7,00<\/p>\n\n\n\n<div class=\"wp-block-uagb-buttons uagb-buttons__outer-wrap uagb-btn__default-btn uagb-btn-tablet__default-btn uagb-btn-mobile__default-btn uagb-block-db0eb41c\"><div class=\"uagb-buttons__wrap uagb-buttons-layout-wrap \">\n<div class=\"wp-block-uagb-buttons-child uagb-buttons__outer-wrap uagb-block-83d30475 wp-block-button\"><div class=\"uagb-button__wrapper\"><a class=\"uagb-buttons-repeater wp-block-button__link\" aria-label=\"\" href=\"https:\/\/wa.me\/5591980264596\" rel=\"follow noopener\" target=\"_self\" role=\"button\"><div class=\"uagb-button__link\">Compre J\u00e1<\/div><span class=\"uagb-button__icon uagb-button__icon-position-after\"><svg xmlns=\"https:\/\/www.w3.org\/2000\/svg\" viewBox=\"0 0 448 512\" aria-hidden=\"true\" focussable=\"false\"><path d=\"M438.6 278.6l-160 160C272.4 444.9 264.2 448 256 448s-16.38-3.125-22.62-9.375c-12.5-12.5-12.5-32.75 0-45.25L338.8 288H32C14.33 288 .0016 273.7 .0016 256S14.33 224 32 224h306.8l-105.4-105.4c-12.5-12.5-12.5-32.75 0-45.25s32.75-12.5 45.25 0l160 160C451.1 245.9 451.1 266.1 438.6 278.6z\"><\/path><\/svg><\/span><\/a><\/div><\/div>\n<\/div><\/div>\n<\/div>\n\n\n\n<div class=\"wp-block-uagb-container uagb-block-466d83ad\">\n<figure class=\"wp-block-image size-full is-resized\"><img loading=\"lazy\" decoding=\"async\" width=\"1024\" height=\"1024\" src=\"https:\/\/browniesdosa.com.br\/wp-content\/uploads\/2026\/01\/ChatGPT-Image-6-de-jan.-de-2026-10_27_03.png\" alt=\"\" class=\"wp-image-20\" style=\"width:169px;height:auto\" srcset=\"https:\/\/browniesdosa.com.br\/wp-content\/uploads\/2026\/01\/ChatGPT-Image-6-de-jan.-de-2026-10_27_03.png 1024w, https:\/\/browniesdosa.com.br\/wp-content\/uploads\/2026\/01\/ChatGPT-Image-6-de-jan.-de-2026-10_27_03-300x300.png 300w, https:\/\/browniesdosa.com.br\/wp-content\/uploads\/2026\/01\/ChatGPT-Image-6-de-jan.-de-2026-10_27_03-150x150.png 150w, https:\/\/browniesdosa.com.br\/wp-content\/uploads\/2026\/01\/ChatGPT-Image-6-de-jan.-de-2026-10_27_03-768x768.png 768w\" sizes=\"auto, (max-width: 1024px) 100vw, 1024px\" \/><\/figure>\n\n\n\n<div class=\"wp-block-uagb-advanced-heading uagb-block-adc2f08f\"><h2 class=\"uagb-heading-text\">Creme de Avel\u00e3<\/h2><\/div>\n\n\n\n<p>Valor R$7,00<\/p>\n\n\n\n<div class=\"wp-block-uagb-buttons uagb-buttons__outer-wrap uagb-btn__default-btn uagb-btn-tablet__default-btn uagb-btn-mobile__default-btn uagb-block-30ebf6df\"><div class=\"uagb-buttons__wrap uagb-buttons-layout-wrap \">\n<div class=\"wp-block-uagb-buttons-child uagb-buttons__outer-wrap uagb-block-4678612c wp-block-button\"><div class=\"uagb-button__wrapper\"><a class=\"uagb-buttons-repeater wp-block-button__link\" aria-label=\"\" href=\"https:\/\/wa.me\/5591980264596\" rel=\"follow noopener\" target=\"_self\" role=\"button\"><div class=\"uagb-button__link\">Compre J\u00e1<\/div><span class=\"uagb-button__icon uagb-button__icon-position-after\"><svg xmlns=\"https:\/\/www.w3.org\/2000\/svg\" viewBox=\"0 0 448 512\" aria-hidden=\"true\" focussable=\"false\"><path d=\"M438.6 278.6l-160 160C272.4 444.9 264.2 448 256 448s-16.38-3.125-22.62-9.375c-12.5-12.5-12.5-32.75 0-45.25L338.8 288H32C14.33 288 .0016 273.7 .0016 256S14.33 224 32 224h306.8l-105.4-105.4c-12.5-12.5-12.5-32.75 0-45.25s32.75-12.5 45.25 0l160 160C451.1 245.9 451.1 266.1 438.6 278.6z\"><\/path><\/svg><\/span><\/a><\/div><\/div>\n<\/div><\/div>\n<\/div>\n\n\n\n<div class=\"wp-block-uagb-container uagb-block-282d2c78\">\n<figure class=\"wp-block-image size-full is-resized\"><img loading=\"lazy\" decoding=\"async\" width=\"1024\" height=\"1024\" src=\"https:\/\/browniesdosa.com.br\/wp-content\/uploads\/2026\/01\/ChatGPT-Image-6-de-jan.-de-2026-10_27_03.png\" alt=\"\" class=\"wp-image-20\" style=\"width:169px;height:auto\" srcset=\"https:\/\/browniesdosa.com.br\/wp-content\/uploads\/2026\/01\/ChatGPT-Image-6-de-jan.-de-2026-10_27_03.png 1024w, https:\/\/browniesdosa.com.br\/wp-content\/uploads\/2026\/01\/ChatGPT-Image-6-de-jan.-de-2026-10_27_03-300x300.png 300w, https:\/\/browniesdosa.com.br\/wp-content\/uploads\/2026\/01\/ChatGPT-Image-6-de-jan.-de-2026-10_27_03-150x150.png 150w, https:\/\/browniesdosa.com.br\/wp-content\/uploads\/2026\/01\/ChatGPT-Image-6-de-jan.-de-2026-10_27_03-768x768.png 768w\" sizes=\"auto, (max-width: 1024px) 100vw, 1024px\" \/><\/figure>\n\n\n\n<div class=\"wp-block-uagb-advanced-heading uagb-block-7c341dee\"><h2 class=\"uagb-heading-text\">Ninho<\/h2><\/div>\n\n\n\n<p>Valor R$7,00<\/p>\n\n\n\n<div class=\"wp-block-uagb-buttons uagb-buttons__outer-wrap uagb-btn__default-btn uagb-btn-tablet__default-btn uagb-btn-mobile__default-btn uagb-block-d6a4d62d\"><div class=\"uagb-buttons__wrap uagb-buttons-layout-wrap \">\n<div class=\"wp-block-uagb-buttons-child uagb-buttons__outer-wrap uagb-block-ca314642 wp-block-button\"><div class=\"uagb-button__wrapper\"><a class=\"uagb-buttons-repeater wp-block-button__link\" aria-label=\"\" href=\"https:\/\/wa.me\/5591980264596\" rel=\"follow noopener\" target=\"_self\" role=\"button\"><div class=\"uagb-button__link\">Compre J\u00e1<\/div><span class=\"uagb-button__icon uagb-button__icon-position-after\"><svg xmlns=\"https:\/\/www.w3.org\/2000\/svg\" viewBox=\"0 0 448 512\" aria-hidden=\"true\" focussable=\"false\"><path d=\"M438.6 278.6l-160 160C272.4 444.9 264.2 448 256 448s-16.38-3.125-22.62-9.375c-12.5-12.5-12.5-32.75 0-45.25L338.8 288H32C14.33 288 .0016 273.7 .0016 256S14.33 224 32 224h306.8l-105.4-105.4c-12.5-12.5-12.5-32.75 0-45.25s32.75-12.5 45.25 0l160 160C451.1 245.9 451.1 266.1 438.6 278.6z\"><\/path><\/svg><\/span><\/a><\/div><\/div>\n<\/div><\/div>\n<\/div>\n\n\n\n<div class=\"wp-block-uagb-container uagb-block-0b049f66\">\n<figure class=\"wp-block-image size-full is-resized\"><img loading=\"lazy\" decoding=\"async\" width=\"1024\" height=\"1024\" src=\"https:\/\/browniesdosa.com.br\/wp-content\/uploads\/2026\/01\/ChatGPT-Image-6-de-jan.-de-2026-10_27_03.png\" alt=\"\" class=\"wp-image-20\" style=\"width:169px;height:auto\" srcset=\"https:\/\/browniesdosa.com.br\/wp-content\/uploads\/2026\/01\/ChatGPT-Image-6-de-jan.-de-2026-10_27_03.png 1024w, https:\/\/browniesdosa.com.br\/wp-content\/uploads\/2026\/01\/ChatGPT-Image-6-de-jan.-de-2026-10_27_03-300x300.png 300w, https:\/\/browniesdosa.com.br\/wp-content\/uploads\/2026\/01\/ChatGPT-Image-6-de-jan.-de-2026-10_27_03-150x150.png 150w, https:\/\/browniesdosa.com.br\/wp-content\/uploads\/2026\/01\/ChatGPT-Image-6-de-jan.-de-2026-10_27_03-768x768.png 768w\" sizes=\"auto, (max-width: 1024px) 100vw, 1024px\" \/><\/figure>\n\n\n\n<div class=\"wp-block-uagb-advanced-heading uagb-block-99e9e532\"><h2 class=\"uagb-heading-text\">Cupua\u00e7\u00fa<\/h2><\/div>\n\n\n\n<p>Valor R$7,00<\/p>\n\n\n\n<div class=\"wp-block-uagb-buttons uagb-buttons__outer-wrap uagb-btn__default-btn uagb-btn-tablet__default-btn uagb-btn-mobile__default-btn uagb-block-c1162120\"><div class=\"uagb-buttons__wrap uagb-buttons-layout-wrap \">\n<div class=\"wp-block-uagb-buttons-child uagb-buttons__outer-wrap uagb-block-44179c53 wp-block-button\"><div class=\"uagb-button__wrapper\"><a class=\"uagb-buttons-repeater wp-block-button__link\" aria-label=\"\" href=\"https:\/\/wa.me\/5591980264596\" rel=\"follow noopener\" target=\"_self\" role=\"button\"><div class=\"uagb-button__link\">Compre J\u00e1<\/div><span class=\"uagb-button__icon uagb-button__icon-position-after\"><svg xmlns=\"https:\/\/www.w3.org\/2000\/svg\" viewBox=\"0 0 448 512\" aria-hidden=\"true\" focussable=\"false\"><path d=\"M438.6 278.6l-160 160C272.4 444.9 264.2 448 256 448s-16.38-3.125-22.62-9.375c-12.5-12.5-12.5-32.75 0-45.25L338.8 288H32C14.33 288 .0016 273.7 .0016 256S14.33 224 32 224h306.8l-105.4-105.4c-12.5-12.5-12.5-32.75 0-45.25s32.75-12.5 45.25 0l160 160C451.1 245.9 451.1 266.1 438.6 278.6z\"><\/path><\/svg><\/span><\/a><\/div><\/div>\n<\/div><\/div>\n<\/div>\n<\/div><\/div>\n\n\n\n<p><\/p>\n\n\n\n<h2 class=\"wp-block-heading\">Brownies para brindes!<\/h2>\n\n\n\n<div class=\"wp-block-uagb-container uagb-block-53a677e1 alignfull uagb-is-root-container\"><div class=\"uagb-container-inner-blocks-wrap\">\n<div class=\"wp-block-uagb-container uagb-block-26154bec\">\n<figure class=\"wp-block-image size-full is-resized\"><img loading=\"lazy\" decoding=\"async\" width=\"1024\" height=\"1024\" src=\"https:\/\/browniesdosa.com.br\/wp-content\/uploads\/2026\/01\/Logo-Do-Sa-Brownies-Artesanais.png\" alt=\"\" class=\"wp-image-72\" style=\"width:169px;height:auto\" srcset=\"https:\/\/browniesdosa.com.br\/wp-content\/uploads\/2026\/01\/Logo-Do-Sa-Brownies-Artesanais.png 1024w, https:\/\/browniesdosa.com.br\/wp-content\/uploads\/2026\/01\/Logo-Do-Sa-Brownies-Artesanais-300x300.png 300w, https:\/\/browniesdosa.com.br\/wp-content\/uploads\/2026\/01\/Logo-Do-Sa-Brownies-Artesanais-150x150.png 150w, https:\/\/browniesdosa.com.br\/wp-content\/uploads\/2026\/01\/Logo-Do-Sa-Brownies-Artesanais-768x768.png 768w\" sizes=\"auto, (max-width: 1024px) 100vw, 1024px\" \/><\/figure>\n\n\n\n<div class=\"wp-block-uagb-advanced-heading uagb-block-36ae3226\"><h2 class=\"uagb-heading-text\">Doce de Leite<\/h2><\/div>\n\n\n\n<p>Valor R$5,00<\/p>\n\n\n\n<div class=\"wp-block-uagb-buttons uagb-buttons__outer-wrap uagb-btn__default-btn uagb-btn-tablet__default-btn uagb-btn-mobile__default-btn uagb-block-a6d895fd\"><div class=\"uagb-buttons__wrap uagb-buttons-layout-wrap \">\n<div class=\"wp-block-uagb-buttons-child uagb-buttons__outer-wrap uagb-block-c9889495 wp-block-button\"><div class=\"uagb-button__wrapper\"><a class=\"uagb-buttons-repeater wp-block-button__link\" aria-label=\"\" href=\"https:\/\/wa.me\/5591980264596\" rel=\"follow noopener\" target=\"_self\" role=\"button\"><div class=\"uagb-button__link\">Compre J\u00e1<\/div><span class=\"uagb-button__icon uagb-button__icon-position-after\"><svg xmlns=\"https:\/\/www.w3.org\/2000\/svg\" viewBox=\"0 0 448 512\" aria-hidden=\"true\" focussable=\"false\"><path d=\"M438.6 278.6l-160 160C272.4 444.9 264.2 448 256 448s-16.38-3.125-22.62-9.375c-12.5-12.5-12.5-32.75 0-45.25L338.8 288H32C14.33 288 .0016 273.7 .0016 256S14.33 224 32 224h306.8l-105.4-105.4c-12.5-12.5-12.5-32.75 0-45.25s32.75-12.5 45.25 0l160 160C451.1 245.9 451.1 266.1 438.6 278.6z\"><\/path><\/svg><\/span><\/a><\/div><\/div>\n<\/div><\/div>\n<\/div>\n\n\n\n<div class=\"wp-block-uagb-container uagb-block-214c0e8a\">\n<figure class=\"wp-block-image size-full is-resized\"><img loading=\"lazy\" decoding=\"async\" width=\"1024\" height=\"1024\" src=\"https:\/\/browniesdosa.com.br\/wp-content\/uploads\/2026\/01\/Logo-Do-Sa-Brownies-Artesanais.png\" alt=\"\" class=\"wp-image-72\" style=\"width:169px;height:auto\" srcset=\"https:\/\/browniesdosa.com.br\/wp-content\/uploads\/2026\/01\/Logo-Do-Sa-Brownies-Artesanais.png 1024w, https:\/\/browniesdosa.com.br\/wp-content\/uploads\/2026\/01\/Logo-Do-Sa-Brownies-Artesanais-300x300.png 300w, https:\/\/browniesdosa.com.br\/wp-content\/uploads\/2026\/01\/Logo-Do-Sa-Brownies-Artesanais-150x150.png 150w, https:\/\/browniesdosa.com.br\/wp-content\/uploads\/2026\/01\/Logo-Do-Sa-Brownies-Artesanais-768x768.png 768w\" sizes=\"auto, (max-width: 1024px) 100vw, 1024px\" \/><\/figure>\n\n\n\n<div class=\"wp-block-uagb-advanced-heading uagb-block-6032d996\"><h2 class=\"uagb-heading-text\">Brigadeiro<\/h2><\/div>\n\n\n\n<p>Valor R$5,00<\/p>\n\n\n\n<div class=\"wp-block-uagb-buttons uagb-buttons__outer-wrap uagb-btn__default-btn uagb-btn-tablet__default-btn uagb-btn-mobile__default-btn uagb-block-03ff5050\"><div class=\"uagb-buttons__wrap uagb-buttons-layout-wrap \">\n<div class=\"wp-block-uagb-buttons-child uagb-buttons__outer-wrap uagb-block-3b95ffb8 wp-block-button\"><div class=\"uagb-button__wrapper\"><a class=\"uagb-buttons-repeater wp-block-button__link\" aria-label=\"\" href=\"https:\/\/wa.me\/5591980264596\" rel=\"follow noopener\" target=\"_self\" role=\"button\"><div class=\"uagb-button__link\">Compre J\u00e1<\/div><span class=\"uagb-button__icon uagb-button__icon-position-after\"><svg xmlns=\"https:\/\/www.w3.org\/2000\/svg\" viewBox=\"0 0 448 512\" aria-hidden=\"true\" focussable=\"false\"><path d=\"M438.6 278.6l-160 160C272.4 444.9 264.2 448 256 448s-16.38-3.125-22.62-9.375c-12.5-12.5-12.5-32.75 0-45.25L338.8 288H32C14.33 288 .0016 273.7 .0016 256S14.33 224 32 224h306.8l-105.4-105.4c-12.5-12.5-12.5-32.75 0-45.25s32.75-12.5 45.25 0l160 160C451.1 245.9 451.1 266.1 438.6 278.6z\"><\/path><\/svg><\/span><\/a><\/div><\/div>\n<\/div><\/div>\n<\/div>\n\n\n\n<div class=\"wp-block-uagb-container uagb-block-408ee1fe\">\n<figure class=\"wp-block-image size-full is-resized\"><img loading=\"lazy\" decoding=\"async\" width=\"1024\" height=\"1024\" src=\"https:\/\/browniesdosa.com.br\/wp-content\/uploads\/2026\/01\/Logo-Do-Sa-Brownies-Artesanais.png\" alt=\"\" class=\"wp-image-72\" style=\"width:169px;height:auto\" srcset=\"https:\/\/browniesdosa.com.br\/wp-content\/uploads\/2026\/01\/Logo-Do-Sa-Brownies-Artesanais.png 1024w, https:\/\/browniesdosa.com.br\/wp-content\/uploads\/2026\/01\/Logo-Do-Sa-Brownies-Artesanais-300x300.png 300w, https:\/\/browniesdosa.com.br\/wp-content\/uploads\/2026\/01\/Logo-Do-Sa-Brownies-Artesanais-150x150.png 150w, https:\/\/browniesdosa.com.br\/wp-content\/uploads\/2026\/01\/Logo-Do-Sa-Brownies-Artesanais-768x768.png 768w\" sizes=\"auto, (max-width: 1024px) 100vw, 1024px\" \/><\/figure>\n\n\n\n<div class=\"wp-block-uagb-advanced-heading uagb-block-7028f4e1\"><h2 class=\"uagb-heading-text\">Ovomaltine<\/h2><\/div>\n\n\n\n<p>Valor R$5,00<\/p>\n\n\n\n<div class=\"wp-block-uagb-buttons uagb-buttons__outer-wrap uagb-btn__default-btn uagb-btn-tablet__default-btn uagb-btn-mobile__default-btn uagb-block-47a1af8b\"><div class=\"uagb-buttons__wrap uagb-buttons-layout-wrap \">\n<div class=\"wp-block-uagb-buttons-child uagb-buttons__outer-wrap uagb-block-b03f9814 wp-block-button\"><div class=\"uagb-button__wrapper\"><a class=\"uagb-buttons-repeater wp-block-button__link\" aria-label=\"\" href=\"https:\/\/wa.me\/5591980264596\" rel=\"follow noopener\" target=\"_self\" role=\"button\"><div class=\"uagb-button__link\">Compre J\u00e1<\/div><span class=\"uagb-button__icon uagb-button__icon-position-after\"><svg xmlns=\"https:\/\/www.w3.org\/2000\/svg\" viewBox=\"0 0 448 512\" aria-hidden=\"true\" focussable=\"false\"><path d=\"M438.6 278.6l-160 160C272.4 444.9 264.2 448 256 448s-16.38-3.125-22.62-9.375c-12.5-12.5-12.5-32.75 0-45.25L338.8 288H32C14.33 288 .0016 273.7 .0016 256S14.33 224 32 224h306.8l-105.4-105.4c-12.5-12.5-12.5-32.75 0-45.25s32.75-12.5 45.25 0l160 160C451.1 245.9 451.1 266.1 438.6 278.6z\"><\/path><\/svg><\/span><\/a><\/div><\/div>\n<\/div><\/div>\n<\/div>\n\n\n\n<div class=\"wp-block-uagb-container uagb-block-a7c933f4\">\n<figure class=\"wp-block-image size-full is-resized\"><img loading=\"lazy\" decoding=\"async\" width=\"1024\" height=\"1024\" src=\"https:\/\/browniesdosa.com.br\/wp-content\/uploads\/2026\/01\/Logo-Do-Sa-Brownies-Artesanais.png\" alt=\"\" class=\"wp-image-72\" style=\"width:169px;height:auto\" srcset=\"https:\/\/browniesdosa.com.br\/wp-content\/uploads\/2026\/01\/Logo-Do-Sa-Brownies-Artesanais.png 1024w, https:\/\/browniesdosa.com.br\/wp-content\/uploads\/2026\/01\/Logo-Do-Sa-Brownies-Artesanais-300x300.png 300w, https:\/\/browniesdosa.com.br\/wp-content\/uploads\/2026\/01\/Logo-Do-Sa-Brownies-Artesanais-150x150.png 150w, https:\/\/browniesdosa.com.br\/wp-content\/uploads\/2026\/01\/Logo-Do-Sa-Brownies-Artesanais-768x768.png 768w\" sizes=\"auto, (max-width: 1024px) 100vw, 1024px\" \/><\/figure>\n\n\n\n<div class=\"wp-block-uagb-advanced-heading uagb-block-c014a2e1\"><h2 class=\"uagb-heading-text\">Creme de Avel\u00e3<\/h2><\/div>\n\n\n\n<p>Valor R$5,00<\/p>\n\n\n\n<div class=\"wp-block-uagb-buttons uagb-buttons__outer-wrap uagb-btn__default-btn uagb-btn-tablet__default-btn uagb-btn-mobile__default-btn uagb-block-fbadd9cd\"><div class=\"uagb-buttons__wrap uagb-buttons-layout-wrap \">\n<div class=\"wp-block-uagb-buttons-child uagb-buttons__outer-wrap uagb-block-51ffb5d8 wp-block-button\"><div class=\"uagb-button__wrapper\"><a class=\"uagb-buttons-repeater wp-block-button__link\" aria-label=\"\" href=\"https:\/\/wa.me\/5591980264596\" rel=\"follow noopener\" target=\"_self\" role=\"button\"><div class=\"uagb-button__link\">Compre J\u00e1<\/div><span class=\"uagb-button__icon uagb-button__icon-position-after\"><svg xmlns=\"https:\/\/www.w3.org\/2000\/svg\" viewBox=\"0 0 448 512\" aria-hidden=\"true\" focussable=\"false\"><path d=\"M438.6 278.6l-160 160C272.4 444.9 264.2 448 256 448s-16.38-3.125-22.62-9.375c-12.5-12.5-12.5-32.75 0-45.25L338.8 288H32C14.33 288 .0016 273.7 .0016 256S14.33 224 32 224h306.8l-105.4-105.4c-12.5-12.5-12.5-32.75 0-45.25s32.75-12.5 45.25 0l160 160C451.1 245.9 451.1 266.1 438.6 278.6z\"><\/path><\/svg><\/span><\/a><\/div><\/div>\n<\/div><\/div>\n<\/div>\n\n\n\n<div class=\"wp-block-uagb-container uagb-block-660b55eb\">\n<figure class=\"wp-block-image size-full is-resized\"><img loading=\"lazy\" decoding=\"async\" width=\"1024\" height=\"1024\" src=\"https:\/\/browniesdosa.com.br\/wp-content\/uploads\/2026\/01\/Logo-Do-Sa-Brownies-Artesanais.png\" alt=\"\" class=\"wp-image-72\" style=\"width:169px;height:auto\" srcset=\"https:\/\/browniesdosa.com.br\/wp-content\/uploads\/2026\/01\/Logo-Do-Sa-Brownies-Artesanais.png 1024w, https:\/\/browniesdosa.com.br\/wp-content\/uploads\/2026\/01\/Logo-Do-Sa-Brownies-Artesanais-300x300.png 300w, https:\/\/browniesdosa.com.br\/wp-content\/uploads\/2026\/01\/Logo-Do-Sa-Brownies-Artesanais-150x150.png 150w, https:\/\/browniesdosa.com.br\/wp-content\/uploads\/2026\/01\/Logo-Do-Sa-Brownies-Artesanais-768x768.png 768w\" sizes=\"auto, (max-width: 1024px) 100vw, 1024px\" \/><\/figure>\n\n\n\n<div class=\"wp-block-uagb-advanced-heading uagb-block-fa487caa\"><h2 class=\"uagb-heading-text\">Ninho<\/h2><\/div>\n\n\n\n<p>Valor R$5,00<\/p>\n\n\n\n<div class=\"wp-block-uagb-buttons uagb-buttons__outer-wrap uagb-btn__default-btn uagb-btn-tablet__default-btn uagb-btn-mobile__default-btn uagb-block-f36a7949\"><div class=\"uagb-buttons__wrap uagb-buttons-layout-wrap \">\n<div class=\"wp-block-uagb-buttons-child uagb-buttons__outer-wrap uagb-block-8f8327cb wp-block-button\"><div class=\"uagb-button__wrapper\"><a class=\"uagb-buttons-repeater wp-block-button__link\" aria-label=\"\" href=\"https:\/\/wa.me\/5591980264596\" rel=\"follow noopener\" target=\"_self\" role=\"button\"><div class=\"uagb-button__link\">Compre J\u00e1<\/div><span class=\"uagb-button__icon uagb-button__icon-position-after\"><svg xmlns=\"https:\/\/www.w3.org\/2000\/svg\" viewBox=\"0 0 448 512\" aria-hidden=\"true\" focussable=\"false\"><path d=\"M438.6 278.6l-160 160C272.4 444.9 264.2 448 256 448s-16.38-3.125-22.62-9.375c-12.5-12.5-12.5-32.75 0-45.25L338.8 288H32C14.33 288 .0016 273.7 .0016 256S14.33 224 32 224h306.8l-105.4-105.4c-12.5-12.5-12.5-32.75 0-45.25s32.75-12.5 45.25 0l160 160C451.1 245.9 451.1 266.1 438.6 278.6z\"><\/path><\/svg><\/span><\/a><\/div><\/div>\n<\/div><\/div>\n<\/div>\n<\/div><\/div>\n\n\n\n<p><\/p>\n","protected":false},"excerpt":{"rendered":"<p>Doce de Leite Valor R$7,00 Brigadeiro Valor R$7,00 Ovomaltine Valor R$7,00 Creme de Avel\u00e3 Valor R$7,00 Ninho Valor R$7,00 Cupua\u00e7\u00fa Valor R$7,00 Brownies para brindes! Doce de Leite Valor R$5,00 Brigadeiro Valor R$5,00 Ovomaltine Valor R$5,00 Creme de Avel\u00e3 Valor R$5,00 Ninho Valor R$5,00<\/p>\n","protected":false},"author":1,"featured_media":0,"parent":0,"menu_order":0,"comment_status":"closed","ping_status":"closed","template":"","meta":{"_uag_custom_page_level_css":"","footnotes":""},"class_list":["post-48","page","type-page","status-publish","hentry"],"uagb_featured_image_src":{"full":false,"thumbnail":false,"medium":false,"medium_large":false,"large":false,"1536x1536":false,"2048x2048":false},"uagb_author_info":{"display_name":"admin","author_link":"https:\/\/browniesdosa.com.br\/?author=1"},"uagb_comment_info":0,"uagb_excerpt":"Doce de Leite Valor R$7,00 Brigadeiro Valor R$7,00 Ovomaltine Valor R$7,00 Creme de Avel\u00e3 Valor R$7,00 Ninho Valor R$7,00 Cupua\u00e7\u00fa Valor R$7,00 Brownies para brindes! Doce de Leite Valor R$5,00 Brigadeiro Valor R$5,00 Ovomaltine Valor R$5,00 Creme de Avel\u00e3 Valor R$5,00 Ninho Valor R$5,00","_links":{"self":[{"href":"https:\/\/browniesdosa.com.br\/index.php?rest_route=\/wp\/v2\/pages\/48","targetHints":{"allow":["GET"]}}],"collection":[{"href":"https:\/\/browniesdosa.com.br\/index.php?rest_route=\/wp\/v2\/pages"}],"about":[{"href":"https:\/\/browniesdosa.com.br\/index.php?rest_route=\/wp\/v2\/types\/page"}],"author":[{"embeddable":true,"href":"https:\/\/browniesdosa.com.br\/index.php?rest_route=\/wp\/v2\/users\/1"}],"replies":[{"embeddable":true,"href":"https:\/\/browniesdosa.com.br\/index.php?rest_route=%2Fwp%2Fv2%2Fcomments&post=48"}],"version-history":[{"count":13,"href":"https:\/\/browniesdosa.com.br\/index.php?rest_route=\/wp\/v2\/pages\/48\/revisions"}],"predecessor-version":[{"id":115,"href":"https:\/\/browniesdosa.com.br\/index.php?rest_route=\/wp\/v2\/pages\/48\/revisions\/115"}],"wp:attachment":[{"href":"https:\/\/browniesdosa.com.br\/index.php?rest_route=%2Fwp%2Fv2%2Fmedia&parent=48"}],"curies":[{"name":"wp","href":"https:\/\/api.w.org\/{rel}","templated":true}]}}